{"id":585,"date":"2023-12-21T08:54:19","date_gmt":"2023-12-21T08:54:19","guid":{"rendered":"https:\/\/car-fire-blanket.com\/?page_id=585"},"modified":"2023-12-26T06:49:22","modified_gmt":"2023-12-26T06:49:22","slug":"disclaimer","status":"publish","type":"page","link":"https:\/\/car-fire-blanket.com\/it\/disclaimer\/","title":{"rendered":"Dichiarazione di non responsabilit\u00e0"},"content":{"rendered":"<p>Leggere attentamente la presente clausola di esclusione della responsabilit\u00e0 prima di utilizzare il\u00a0<a href=\"https:\/\/ovationlights.com\/\" target=\"_blank\" rel=\"noopener\">https:\/\/car-fire-blanket.com\/<\/a>\u00a0Il presente Disclaimer contiene importanti informazioni sulle limitazioni della nostra responsabilit\u00e0. L'accesso e l'utilizzo del sito web da parte dell'utente \u00e8 subordinato all'accettazione e al rispetto di questa clausola di esclusione della responsabilit\u00e0. La presente clausola di esclusione della responsabilit\u00e0 si applica a tutti, compresi, ma non solo, i visitatori, gli utenti e gli altri che desiderano accedere o utilizzare il sito web.<\/p>\n\n\n\n<p>Accedendo o utilizzando il sito web, l'utente accetta di essere vincolato da questo Disclaimer. Se non siete d'accordo con una qualsiasi parte di questa clausola di esclusione della responsabilit\u00e0, non avete il nostro permesso di accedere o utilizzare il sito web.<\/p>\n\n\n\n<h3 class=\"wp-block-heading\">Esclusione di responsabilit\u00e0 per la pubblicit\u00e0<\/h3>\n\n\n\n<p>Questo sito web contiene annunci pubblicitari di informazioni, prodotti e servizi forniti da terzi. Non rilasciamo alcuna dichiarazione o garanzia sull'idoneit\u00e0 delle informazioni, dei prodotti o dei servizi contenuti in questi annunci per qualsiasi scopo. L'inclusione di tali informazioni, prodotti e servizi non costituisce una raccomandazione o un'approvazione da parte nostra. Quando si fa clic su un annuncio pubblicitario, si viene indirizzati a un sito web di terzi che non \u00e8 controllato o gestito da noi. Pertanto, \u00e8 necessario leggere l'Informativa sulla privacy e i Termini e condizioni di tali siti web. Non controlliamo tali siti web n\u00e9 le loro pratiche.<\/p>\n\n\n\n<h3 class=\"wp-block-heading\">Esclusione di responsabilit\u00e0 per gli affiliati<\/h3>\n\n\n\n<p>Partecipiamo al programma pubblicitario di affiliazione, che \u00e8 stato progettato per fornire un mezzo per guadagnare commissioni collegandosi ai loro prodotti o servizi sul nostro sito web. Il fatto che partecipiamo a questo programma di affiliazione significa che ci compensano per l'inclusione dei link su cui si fa clic e per le nostre recensioni.<\/p>\n\n\n\n<h3 class=\"wp-block-heading\">Cambiamenti<\/h3>\n\n\n\n<p>Ci riserviamo il diritto di modificare questa politica in qualsiasi momento senza preavviso.<\/p>\n\n\n\n<h3 class=\"wp-block-heading\">Domande<\/h3>\n\n\n\n<p>In caso di domande su questa clausola di esclusione della responsabilit\u00e0, si prega di contattarci.<\/p>","protected":false},"excerpt":{"rendered":"<p>Please read this Disclaimer carefully before using the\u00a0https:\/\/car-fire-blanket.com\/\u00a0Website (the \u201cWebsite\u201d) operated by Suntex Composite Co., Ltd as this Disclaimer contains important information regarding limitations of our liability. Your access to and use of the Website is conditional upon your acceptance of and compliance with this Disclaimer. This Disclaimer applies to everyone, including, but not limited [&hellip;]<\/p>","protected":false},"author":1,"featured_media":0,"parent":0,"menu_order":0,"comment_status":"closed","ping_status":"closed","template":"","meta":{"_joinchat":[],"footnotes":""},"class_list":["post-585","page","type-page","status-publish","hentry"],"acf":[],"_links":{"self":[{"href":"https:\/\/car-fire-blanket.com\/it\/wp-json\/wp\/v2\/pages\/585","targetHints":{"allow":["GET"]}}],"collection":[{"href":"https:\/\/car-fire-blanket.com\/it\/wp-json\/wp\/v2\/pages"}],"about":[{"href":"https:\/\/car-fire-blanket.com\/it\/wp-json\/wp\/v2\/types\/page"}],"author":[{"embeddable":true,"href":"https:\/\/car-fire-blanket.com\/it\/wp-json\/wp\/v2\/users\/1"}],"replies":[{"embeddable":true,"href":"https:\/\/car-fire-blanket.com\/it\/wp-json\/wp\/v2\/comments?post=585"}],"version-history":[{"count":5,"href":"https:\/\/car-fire-blanket.com\/it\/wp-json\/wp\/v2\/pages\/585\/revisions"}],"predecessor-version":[{"id":621,"href":"https:\/\/car-fire-blanket.com\/it\/wp-json\/wp\/v2\/pages\/585\/revisions\/621"}],"wp:attachment":[{"href":"https:\/\/car-fire-blanket.com\/it\/wp-json\/wp\/v2\/media?parent=585"}],"curies":[{"name":"wp","href":"https:\/\/api.w.org\/{rel}","templated":true}]}}