{"id":585,"date":"2023-12-21T08:54:19","date_gmt":"2023-12-21T08:54:19","guid":{"rendered":"https:\/\/car-fire-blanket.com\/?page_id=585"},"modified":"2023-12-26T06:49:22","modified_gmt":"2023-12-26T06:49:22","slug":"disclaimer","status":"publish","type":"page","link":"https:\/\/car-fire-blanket.com\/fr\/disclaimer\/","title":{"rendered":"Clause de non-responsabilit\u00e9"},"content":{"rendered":"<p>Veuillez lire attentivement le pr\u00e9sent avis de non-responsabilit\u00e9 avant d'utiliser le\u00a0<a href=\"https:\/\/ovationlights.com\/\" target=\"_blank\" rel=\"noopener\">https:\/\/car-fire-blanket.com\/<\/a>\u00a0La pr\u00e9sente clause de non-responsabilit\u00e9 contient des informations importantes concernant les limitations de notre responsabilit\u00e9. L'acc\u00e8s au site web et son utilisation sont subordonn\u00e9s \u00e0 l'acceptation et au respect de la pr\u00e9sente clause de non-responsabilit\u00e9. La pr\u00e9sente clause de non-responsabilit\u00e9 s'applique \u00e0 tous, y compris, mais sans s'y limiter, aux visiteurs, utilisateurs et autres personnes souhaitant acc\u00e9der au site web ou l'utiliser.<\/p>\n\n\n\n<p>En acc\u00e9dant au site web ou en l'utilisant, vous acceptez d'\u00eatre li\u00e9 par le pr\u00e9sent avis de non-responsabilit\u00e9. Si vous n'\u00eates pas d'accord avec une quelconque partie du pr\u00e9sent avis de non-responsabilit\u00e9, vous n'avez pas l'autorisation d'acc\u00e9der au site web ou de l'utiliser.<\/p>\n\n\n\n<h3 class=\"wp-block-heading\">Clause de non-responsabilit\u00e9 en mati\u00e8re de publicit\u00e9<\/h3>\n\n\n\n<p>Ce site web contient des publicit\u00e9s pour des informations, des produits et des services fournis par des tiers. Nous ne faisons aucune d\u00e9claration ni ne donnons aucune garantie quant \u00e0 l'ad\u00e9quation des informations, produits ou services contenus dans ces publicit\u00e9s \u00e0 quelque fin que ce soit. L'inclusion de ces informations, produits et services ne constitue pas une recommandation ou une approbation de leur part. Lorsque vous cliquez sur une publicit\u00e9, vous acc\u00e9dez \u00e0 un site web tiers qui n'est ni contr\u00f4l\u00e9 ni g\u00e9r\u00e9 par nous. Vous devez donc lire la politique de confidentialit\u00e9 et les conditions g\u00e9n\u00e9rales de ces sites web. Nous ne contr\u00f4lons pas ces sites web ni leurs pratiques.<\/p>\n\n\n\n<h3 class=\"wp-block-heading\">Clause de non-responsabilit\u00e9 des affili\u00e9s<\/h3>\n\n\n\n<p>Nous participons au programme de publicit\u00e9 affili\u00e9e, qui est con\u00e7u pour nous fournir un moyen de gagner des honoraires en \u00e9tablissant des liens vers leurs produits ou services sur notre site web. Le fait que nous participions \u00e0 ce programme d'affiliation signifie que nous sommes r\u00e9mun\u00e9r\u00e9s pour l'inclusion de liens sur lesquels nous cliquons et pour nos commentaires.<\/p>\n\n\n\n<h3 class=\"wp-block-heading\">Changements<\/h3>\n\n\n\n<p>Nous nous r\u00e9servons le droit de modifier cette politique \u00e0 tout moment et sans pr\u00e9avis.<\/p>\n\n\n\n<h3 class=\"wp-block-heading\">Questions<\/h3>\n\n\n\n<p>Si vous avez des questions concernant cette clause de non-responsabilit\u00e9, veuillez nous contacter.<\/p>","protected":false},"excerpt":{"rendered":"<p>Please read this Disclaimer carefully before using the\u00a0https:\/\/car-fire-blanket.com\/\u00a0Website (the \u201cWebsite\u201d) operated by Suntex Composite Co., Ltd as this Disclaimer contains important information regarding limitations of our liability. Your access to and use of the Website is conditional upon your acceptance of and compliance with this Disclaimer. This Disclaimer applies to everyone, including, but not limited [&hellip;]<\/p>","protected":false},"author":1,"featured_media":0,"parent":0,"menu_order":0,"comment_status":"closed","ping_status":"closed","template":"","meta":{"_joinchat":[],"footnotes":""},"class_list":["post-585","page","type-page","status-publish","hentry"],"acf":[],"_links":{"self":[{"href":"https:\/\/car-fire-blanket.com\/fr\/wp-json\/wp\/v2\/pages\/585","targetHints":{"allow":["GET"]}}],"collection":[{"href":"https:\/\/car-fire-blanket.com\/fr\/wp-json\/wp\/v2\/pages"}],"about":[{"href":"https:\/\/car-fire-blanket.com\/fr\/wp-json\/wp\/v2\/types\/page"}],"author":[{"embeddable":true,"href":"https:\/\/car-fire-blanket.com\/fr\/wp-json\/wp\/v2\/users\/1"}],"replies":[{"embeddable":true,"href":"https:\/\/car-fire-blanket.com\/fr\/wp-json\/wp\/v2\/comments?post=585"}],"version-history":[{"count":5,"href":"https:\/\/car-fire-blanket.com\/fr\/wp-json\/wp\/v2\/pages\/585\/revisions"}],"predecessor-version":[{"id":621,"href":"https:\/\/car-fire-blanket.com\/fr\/wp-json\/wp\/v2\/pages\/585\/revisions\/621"}],"wp:attachment":[{"href":"https:\/\/car-fire-blanket.com\/fr\/wp-json\/wp\/v2\/media?parent=585"}],"curies":[{"name":"wp","href":"https:\/\/api.w.org\/{rel}","templated":true}]}}