{"id":585,"date":"2023-12-21T08:54:19","date_gmt":"2023-12-21T08:54:19","guid":{"rendered":"https:\/\/car-fire-blanket.com\/?page_id=585"},"modified":"2023-12-26T06:49:22","modified_gmt":"2023-12-26T06:49:22","slug":"disclaimer","status":"publish","type":"page","link":"https:\/\/car-fire-blanket.com\/es\/disclaimer\/","title":{"rendered":"Descargo de responsabilidad"},"content":{"rendered":"<p>Lea atentamente esta cl\u00e1usula de exenci\u00f3n de responsabilidad antes de utilizar el\u00a0<a href=\"https:\/\/ovationlights.com\/\" target=\"_blank\" rel=\"noopener\">https:\/\/car-fire-blanket.com\/<\/a>\u00a0Suntex Composite Co., Ltd. se reserva el derecho de modificar el contenido de este sitio web (el \"sitio web\") operado por Suntex Composite Co., Ltd., ya que este descargo de responsabilidad contiene informaci\u00f3n importante sobre las limitaciones de nuestra responsabilidad. Su acceso y uso del Sitio Web est\u00e1n condicionados a la aceptaci\u00f3n y cumplimiento de este Descargo de Responsabilidad. Este Descargo de responsabilidad se aplica a todas las personas, incluidos, entre otros: visitantes, usuarios y otros, que deseen acceder o utilizar el Sitio web.<\/p>\n\n\n\n<p>Al acceder o utilizar el Sitio Web, usted acepta quedar vinculado por el presente Aviso Legal. Si no est\u00e1 de acuerdo con alguna parte de este Aviso Legal, no tiene nuestro permiso para acceder o utilizar el Sitio Web.<\/p>\n\n\n\n<h3 class=\"wp-block-heading\">Cl\u00e1usula de exenci\u00f3n de responsabilidad<\/h3>\n\n\n\n<p>Este sitio web contiene anuncios de informaci\u00f3n, productos y servicios proporcionados por terceros. No garantizamos la idoneidad de la informaci\u00f3n, los productos o los servicios contenidos en estos anuncios para ning\u00fan fin. Nuestra inclusi\u00f3n de dicha informaci\u00f3n, productos y servicios no constituye su recomendaci\u00f3n o aprobaci\u00f3n. Al hacer clic en un anuncio, acceder\u00e1 a un sitio web de terceros que no est\u00e1 controlado ni gestionado por nosotros. Por lo tanto, debe leer la Pol\u00edtica de Privacidad y los T\u00e9rminos y Condiciones de dichos sitios web. No controlamos dichos sitios web ni sus pr\u00e1cticas.<\/p>\n\n\n\n<h3 class=\"wp-block-heading\">Descargo de responsabilidad para afiliados<\/h3>\n\n\n\n<p>Participamos en el programa de publicidad de afiliados, que est\u00e1 dise\u00f1ado para proporcionar un medio para que ganemos honorarios por enlazar a sus productos o servicios en nuestro sitio web. El hecho de que participemos en este programa de afiliados significa que nos compensa por la inclusi\u00f3n de enlaces en los que se haga clic y por nuestras rese\u00f1as.<\/p>\n\n\n\n<h3 class=\"wp-block-heading\">Cambios<\/h3>\n\n\n\n<p>Nos reservamos el derecho a modificar esta pol\u00edtica en cualquier momento sin previo aviso.<\/p>\n\n\n\n<h3 class=\"wp-block-heading\">Preguntas<\/h3>\n\n\n\n<p>Si tiene alguna pregunta sobre este descargo de responsabilidad, p\u00f3ngase en contacto con nosotros.<\/p>","protected":false},"excerpt":{"rendered":"<p>Lea atentamente este descargo de responsabilidad antes de utilizar el sitio web https:\/\/car-fire-blanket.com\/ (el \"sitio web\") gestionado por Suntex Composite Co., Ltd, ya que contiene informaci\u00f3n importante sobre las limitaciones de nuestra responsabilidad. Su acceso y uso del Sitio Web est\u00e1n condicionados a la aceptaci\u00f3n y cumplimiento de este Descargo de Responsabilidad. Este Descargo de responsabilidad se aplica a todas las personas, incluidos, entre otros, [...]<\/p>","protected":false},"author":1,"featured_media":0,"parent":0,"menu_order":0,"comment_status":"closed","ping_status":"closed","template":"","meta":{"_joinchat":[],"footnotes":""},"class_list":["post-585","page","type-page","status-publish","hentry"],"acf":[],"_links":{"self":[{"href":"https:\/\/car-fire-blanket.com\/es\/wp-json\/wp\/v2\/pages\/585","targetHints":{"allow":["GET"]}}],"collection":[{"href":"https:\/\/car-fire-blanket.com\/es\/wp-json\/wp\/v2\/pages"}],"about":[{"href":"https:\/\/car-fire-blanket.com\/es\/wp-json\/wp\/v2\/types\/page"}],"author":[{"embeddable":true,"href":"https:\/\/car-fire-blanket.com\/es\/wp-json\/wp\/v2\/users\/1"}],"replies":[{"embeddable":true,"href":"https:\/\/car-fire-blanket.com\/es\/wp-json\/wp\/v2\/comments?post=585"}],"version-history":[{"count":5,"href":"https:\/\/car-fire-blanket.com\/es\/wp-json\/wp\/v2\/pages\/585\/revisions"}],"predecessor-version":[{"id":621,"href":"https:\/\/car-fire-blanket.com\/es\/wp-json\/wp\/v2\/pages\/585\/revisions\/621"}],"wp:attachment":[{"href":"https:\/\/car-fire-blanket.com\/es\/wp-json\/wp\/v2\/media?parent=585"}],"curies":[{"name":"wp","href":"https:\/\/api.w.org\/{rel}","templated":true}]}}